{"id":52,"date":"2022-10-03T17:40:45","date_gmt":"2022-10-03T22:40:45","guid":{"rendered":"https:\/\/realtyzgroup.com\/?page_id=52"},"modified":"2025-04-29T12:21:02","modified_gmt":"2025-04-29T17:21:02","slug":"servicios","status":"publish","type":"page","link":"https:\/\/realtyzgroup.com\/pt\/nosotros\/servicos\/","title":{"rendered":"Nossos servi\u00e7os"},"content":{"rendered":"<div data-elementor-type=\"wp-page\" data-elementor-id=\"52\" class=\"elementor elementor-52\" data-elementor-post-type=\"page\">\n\t\t\t\t<div class=\"elementor-element elementor-element-ab45450 e-flex e-con-boxed e-con e-parent\" data-id=\"ab45450\" data-element_type=\"container\" data-settings=\"{&quot;background_background&quot;:&quot;classic&quot;}\">\n\t\t\t\t\t<div class=\"e-con-inner\">\n\t\t\t\t\t<\/div>\n\t\t\t\t<\/div>\n\t\t<div class=\"elementor-element elementor-element-ea1ba8e e-flex e-con-boxed elementor-invisible e-con e-parent\" data-id=\"ea1ba8e\" data-element_type=\"container\" data-settings=\"{&quot;animation&quot;:&quot;fadeIn&quot;}\">\n\t\t\t\t\t<div class=\"e-con-inner\">\n\t\t<div class=\"elementor-element elementor-element-f5ca6f4 e-con-full e-flex e-con e-child\" data-id=\"f5ca6f4\" data-element_type=\"container\">\n\t\t\t\t<div class=\"elementor-element elementor-element-bb8dc14 elementor-widget__width-auto text-line-left elementor-invisible elementor-widget elementor-widget-heading\" data-id=\"bb8dc14\" data-element_type=\"widget\" data-settings=\"{&quot;_animation&quot;:&quot;fadeIn&quot;}\" data-widget_type=\"heading.default\">\n\t\t\t\t<div class=\"elementor-widget-container\">\n\t\t\t<div class=\"elementor-heading-title elementor-size-default\">Nosso<\/div>\t\t<\/div>\n\t\t\t\t<\/div>\n\t\t\t\t<div class=\"elementor-element elementor-element-84f2b79 elementor-invisible elementor-widget elementor-widget-heading\" data-id=\"84f2b79\" data-element_type=\"widget\" data-settings=\"{&quot;_animation&quot;:&quot;fadeIn&quot;}\" data-widget_type=\"heading.default\">\n\t\t\t\t<div class=\"elementor-widget-container\">\n\t\t\t<h1 class=\"elementor-heading-title elementor-size-default\">Servi\u00e7os<\/h1>\t\t<\/div>\n\t\t\t\t<\/div>\n\t\t\t\t<\/div>\n\t\t\t\t\t<\/div>\n\t\t\t\t<\/div>\n\t\t<div class=\"elementor-element elementor-element-9547a7d e-con-full e-flex elementor-invisible e-con e-parent\" data-id=\"9547a7d\" data-element_type=\"container\" data-settings=\"{&quot;animation&quot;:&quot;fadeIn&quot;}\">\n\t\t<div class=\"elementor-element elementor-element-3a04a0c e-con-full e-flex e-con e-child\" data-id=\"3a04a0c\" data-element_type=\"container\" data-settings=\"{&quot;background_background&quot;:&quot;classic&quot;}\">\n\t\t\t\t<div class=\"elementor-element elementor-element-0c39fd1 elementor-invisible elementor-widget elementor-widget-heading\" data-id=\"0c39fd1\" data-element_type=\"widget\" data-settings=\"{&quot;_animation&quot;:&quot;fadeIn&quot;}\" data-widget_type=\"heading.default\">\n\t\t\t\t<div class=\"elementor-widget-container\">\n\t\t\t<h2 class=\"elementor-heading-title elementor-size-default\">Gest\u00e3o de Propriedades<\/h2>\t\t<\/div>\n\t\t\t\t<\/div>\n\t\t\t\t<div class=\"elementor-element elementor-element-57c0745 elementor-invisible elementor-widget elementor-widget-text-editor\" data-id=\"57c0745\" data-element_type=\"widget\" data-settings=\"{&quot;_animation&quot;:&quot;fadeIn&quot;}\" data-widget_type=\"text-editor.default\">\n\t\t\t\t<div class=\"elementor-widget-container\">\n\t\t\t\t\t\t\t<p>No Realty Z Group cuidamos da gest\u00e3o integral do seu im\u00f3vel. A nossa equipa de profissionais est\u00e1 empenhada em maximizar o retorno do seu investimento e garantir o bom estado do seu im\u00f3vel.<\/p><p><em><strong>Nosso servi\u00e7o inclui:<\/strong>\u00a0<\/em><\/p><p><strong>Gest\u00e3o de aluguel:<\/strong>\u00a0<br \/>Publica\u00e7\u00e3o e promo\u00e7\u00e3o do seu im\u00f3vel em plataformas imobili\u00e1rias e redes sociais. Sele\u00e7\u00e3o e verifica\u00e7\u00e3o de inquilinos atrav\u00e9s de rigorosos processos de sele\u00e7\u00e3o. Elabora\u00e7\u00e3o e gest\u00e3o de contratos de loca\u00e7\u00e3o.<\/p><p><strong>Manuten\u00e7\u00e3o e reparos: <br \/><\/strong>Coordena\u00e7\u00e3o de servi\u00e7os de manuten\u00e7\u00e3o preventiva e corretiva. Supervis\u00e3o dos reparos necess\u00e1rios para manter o im\u00f3vel em \u00f3timas condi\u00e7\u00f5es. Acesso a uma rede de fornecedores e prestadores de servi\u00e7os confi\u00e1veis.<\/p><p><strong>Cobran\u00e7a de alugu\u00e9is mensais e administra\u00e7\u00e3o de pagamentos: <br \/><\/strong>Gest\u00e3o de contas a pagar, incluindo utilidades e outras despesas. Prepara\u00e7\u00e3o e entrega de relat\u00f3rios financeiros detalhados e transparentes.<\/p><p><strong>Aten\u00e7\u00e3o do inquilino: <br \/><\/strong>Resposta r\u00e1pida e eficiente \u00e0s solicita\u00e7\u00f5es e necessidades dos inquilinos. Gest\u00e3o de reclama\u00e7\u00f5es e resolu\u00e7\u00e3o de conflitos. Atendimento ao cliente dispon\u00edvel 24 horas por dia.<\/p><p class=\"translation-block\">No Realty Z Group, <strong>sua tranquilidade e satisfa\u00e7\u00e3o s\u00e3o nossa prioridade.<\/strong><\/p>\t\t\t\t\t\t<\/div>\n\t\t\t\t<\/div>\n\t\t\t\t<\/div>\n\t\t\t\t<\/div>\n\t\t<div class=\"elementor-element elementor-element-b7249cb e-flex e-con-boxed elementor-invisible e-con e-parent\" data-id=\"b7249cb\" data-element_type=\"container\" data-settings=\"{&quot;animation&quot;:&quot;fadeIn&quot;}\">\n\t\t\t\t\t<div class=\"e-con-inner\">\n\t\t<div class=\"elementor-element elementor-element-956722d e-con-full e-flex e-con e-child\" data-id=\"956722d\" data-element_type=\"container\">\n\t\t\t\t<div class=\"elementor-element elementor-element-c18d17c elementor-align-right black-btn left-line elementor-widget__width-auto elementor-mobile-align-center elementor-invisible elementor-widget elementor-widget-button\" data-id=\"c18d17c\" data-element_type=\"widget\" data-settings=\"{&quot;_animation&quot;:&quot;fadeIn&quot;}\" data-widget_type=\"button.default\">\n\t\t\t\t<div class=\"elementor-widget-container\">\n\t\t\t\t\t<div class=\"elementor-button-wrapper\">\n\t\t\t<a class=\"elementor-button elementor-button-link elementor-size-sm\" href=\"https:\/\/realtyzgroup.com\/pt\/contato\/\">\n\t\t\t\t\t\t<span class=\"elementor-button-content-wrapper\">\n\t\t\t\t\t\t\t\t\t<span class=\"elementor-button-text\">Mais informa\u00e7\u00f5es<\/span>\n\t\t\t\t\t<\/span>\n\t\t\t\t\t<\/a>\n\t\t<\/div>\n\t\t\t\t<\/div>\n\t\t\t\t<\/div>\n\t\t\t\t<div class=\"elementor-element elementor-element-c8a94c8 elementor-align-right black-btn left-line elementor-widget__width-auto elementor-mobile-align-center elementor-invisible elementor-widget elementor-widget-button\" data-id=\"c8a94c8\" data-element_type=\"widget\" data-settings=\"{&quot;_animation&quot;:&quot;fadeIn&quot;}\" data-widget_type=\"button.default\">\n\t\t\t\t<div class=\"elementor-widget-container\">\n\t\t\t\t\t<div class=\"elementor-button-wrapper\">\n\t\t\t<a class=\"elementor-button elementor-button-link elementor-size-sm\" href=\"#ct-popup-15716\">\n\t\t\t\t\t\t<span class=\"elementor-button-content-wrapper\">\n\t\t\t\t\t\t\t\t\t<span class=\"elementor-button-text\">Entre em contato com um consultor<\/span>\n\t\t\t\t\t<\/span>\n\t\t\t\t\t<\/a>\n\t\t<\/div>\n\t\t\t\t<\/div>\n\t\t\t\t<\/div>\n\t\t\t\t<\/div>\n\t\t\t\t\t<\/div>\n\t\t\t\t<\/div>\n\t\t<div class=\"elementor-element elementor-element-68d446f e-con-full e-flex elementor-invisible e-con e-parent\" data-id=\"68d446f\" data-element_type=\"container\" data-settings=\"{&quot;animation&quot;:&quot;fadeIn&quot;}\">\n\t\t<div class=\"elementor-element elementor-element-c6c25c2 e-con-full e-flex e-con e-child\" data-id=\"c6c25c2\" data-element_type=\"container\" data-settings=\"{&quot;background_background&quot;:&quot;classic&quot;}\">\n\t\t\t\t<div class=\"elementor-element elementor-element-6070699 elementor-invisible elementor-widget elementor-widget-heading\" data-id=\"6070699\" data-element_type=\"widget\" data-settings=\"{&quot;_animation&quot;:&quot;fadeIn&quot;}\" data-widget_type=\"heading.default\">\n\t\t\t\t<div class=\"elementor-widget-container\">\n\t\t\t<h2 class=\"elementor-heading-title elementor-size-default\">Aluguel e venda de im\u00f3veis<\/h2>\t\t<\/div>\n\t\t\t\t<\/div>\n\t\t\t\t<div class=\"elementor-element elementor-element-8d18d25 elementor-invisible elementor-widget elementor-widget-text-editor\" data-id=\"8d18d25\" data-element_type=\"widget\" data-settings=\"{&quot;_animation&quot;:&quot;fadeIn&quot;}\" data-widget_type=\"text-editor.default\">\n\t\t\t\t<div class=\"elementor-widget-container\">\n\t\t\t\t\t\t\t<p class=\"translation-block\">Na <strong>REALTY Z GROUP<\/strong> pretendemos prestar um servi\u00e7o personalizado e eficiente para o ajudar a encontrar a casa ou investimento ideal de acordo com as suas necessidades.<\/p><p><strong><em>Nosso servi\u00e7o inclui:<\/em> <\/strong><\/p><p><strong>Aluguel de propriedade:<\/strong>\u00a0<\/p><ul><li><strong>Pesquisa personalizada:<\/strong>\u00a0Acessamos um extenso banco de dados de im\u00f3veis dispon\u00edveis para aluguel que atendem \u00e0s suas necessidades e prefer\u00eancias.<\/li><li><strong>Visitas guiadas:<\/strong>\u00a0Organizamos e acompanhamos visitas aos im\u00f3veis do seu interesse.<\/li><li><strong>Negocia\u00e7\u00e3o e Contratos:<\/strong>\u00a0Auxiliamos na negocia\u00e7\u00e3o de termos e condi\u00e7\u00f5es e na elabora\u00e7\u00e3o de contratos de loca\u00e7\u00e3o claros e justos.<\/li><\/ul><p><strong>Venda de propriedade: <\/strong><\/p><ul><li><strong>Avalia\u00e7\u00e3o de Im\u00f3veis:<\/strong>\u00a0Realizamos uma avalia\u00e7\u00e3o profissional do seu im\u00f3vel para determinar o pre\u00e7o de venda adequado.<\/li><li><strong>Marketing e Publicidade: <\/strong>Promovemos o seu im\u00f3vel atrav\u00e9s de diversos canais, incluindo portais imobili\u00e1rios, redes sociais e a nossa base de dados de potenciais clientes.<\/li><li><strong>Negocia\u00e7\u00e3o e Fechamento:<\/strong>\u00a0Fornecemos suporte na negocia\u00e7\u00e3o de ofertas e em todos os aspectos do processo de fechamento, garantindo que cada transa\u00e7\u00e3o seja tranquila e bem-sucedida.<\/li><li><strong>Assessoria Jur\u00eddica e Financeira:<\/strong>\u00a0Fornecemos orienta\u00e7\u00e3o sobre aspectos jur\u00eddicos e financeiros relacionados \u00e0 compra e venda de im\u00f3veis.<\/li><\/ul>\t\t\t\t\t\t<\/div>\n\t\t\t\t<\/div>\n\t\t\t\t<\/div>\n\t\t\t\t<\/div>\n\t\t<div class=\"elementor-element elementor-element-cb7e9ec e-flex e-con-boxed elementor-invisible e-con e-parent\" data-id=\"cb7e9ec\" data-element_type=\"container\" data-settings=\"{&quot;animation&quot;:&quot;fadeIn&quot;}\">\n\t\t\t\t\t<div class=\"e-con-inner\">\n\t\t<div class=\"elementor-element elementor-element-2569907 e-con-full e-flex e-con e-child\" data-id=\"2569907\" data-element_type=\"container\">\n\t\t\t\t<div class=\"elementor-element elementor-element-400248b elementor-align-right black-btn left-line right-line elementor-widget__width-auto elementor-mobile-align-center elementor-invisible elementor-widget elementor-widget-button\" data-id=\"400248b\" data-element_type=\"widget\" data-settings=\"{&quot;_animation&quot;:&quot;fadeIn&quot;}\" data-widget_type=\"button.default\">\n\t\t\t\t<div class=\"elementor-widget-container\">\n\t\t\t\t\t<div class=\"elementor-button-wrapper\">\n\t\t\t<a class=\"elementor-button elementor-button-link elementor-size-sm\" href=\"https:\/\/realtyzgroup.com\/pt\/contato\/\">\n\t\t\t\t\t\t<span class=\"elementor-button-content-wrapper\">\n\t\t\t\t\t\t\t\t\t<span class=\"elementor-button-text\">Mais informa\u00e7\u00f5es<\/span>\n\t\t\t\t\t<\/span>\n\t\t\t\t\t<\/a>\n\t\t<\/div>\n\t\t\t\t<\/div>\n\t\t\t\t<\/div>\n\t\t\t\t<div class=\"elementor-element elementor-element-c8a7f74 elementor-align-right black-btn left-line right-line elementor-widget__width-auto elementor-mobile-align-center elementor-invisible elementor-widget elementor-widget-button\" data-id=\"c8a7f74\" data-element_type=\"widget\" data-settings=\"{&quot;_animation&quot;:&quot;fadeIn&quot;}\" data-widget_type=\"button.default\">\n\t\t\t\t<div class=\"elementor-widget-container\">\n\t\t\t\t\t<div class=\"elementor-button-wrapper\">\n\t\t\t<a class=\"elementor-button elementor-button-link elementor-size-sm\" href=\"https:\/\/realtyzgroup.com\/pt\/contato\/\">\n\t\t\t\t\t\t<span class=\"elementor-button-content-wrapper\">\n\t\t\t\t\t\t\t\t\t<span class=\"elementor-button-text\">Liste conosco<\/span>\n\t\t\t\t\t<\/span>\n\t\t\t\t\t<\/a>\n\t\t<\/div>\n\t\t\t\t<\/div>\n\t\t\t\t<\/div>\n\t\t\t\t<div class=\"elementor-element elementor-element-ca454bc elementor-align-right black-btn left-line right-line elementor-widget__width-auto elementor-mobile-align-center elementor-invisible elementor-widget elementor-widget-button\" data-id=\"ca454bc\" data-element_type=\"widget\" data-settings=\"{&quot;_animation&quot;:&quot;fadeIn&quot;}\" data-widget_type=\"button.default\">\n\t\t\t\t<div class=\"elementor-widget-container\">\n\t\t\t\t\t<div class=\"elementor-button-wrapper\">\n\t\t\t<a class=\"elementor-button elementor-button-link elementor-size-sm\" href=\"#ct-popup-15716\">\n\t\t\t\t\t\t<span class=\"elementor-button-content-wrapper\">\n\t\t\t\t\t\t\t\t\t<span class=\"elementor-button-text\">Entre em contato com um consultor<\/span>\n\t\t\t\t\t<\/span>\n\t\t\t\t\t<\/a>\n\t\t<\/div>\n\t\t\t\t<\/div>\n\t\t\t\t<\/div>\n\t\t\t\t<\/div>\n\t\t\t\t\t<\/div>\n\t\t\t\t<\/div>\n\t\t<div class=\"elementor-element elementor-element-bf61d31 e-flex e-con-boxed elementor-invisible e-con e-parent\" data-id=\"bf61d31\" data-element_type=\"container\" data-settings=\"{&quot;background_background&quot;:&quot;classic&quot;,&quot;animation&quot;:&quot;fadeIn&quot;}\">\n\t\t\t\t\t<div class=\"e-con-inner\">\n\t\t<div class=\"elementor-element elementor-element-c6d649f e-con-full e-flex e-con e-child\" data-id=\"c6d649f\" data-element_type=\"container\">\n\t\t\t\t<div class=\"elementor-element elementor-element-f0174a4 elementor-widget__width-auto elementor-invisible elementor-widget elementor-widget-heading\" data-id=\"f0174a4\" data-element_type=\"widget\" data-settings=\"{&quot;_animation&quot;:&quot;fadeIn&quot;}\" data-widget_type=\"heading.default\">\n\t\t\t\t<div class=\"elementor-widget-container\">\n\t\t\t<h2 class=\"elementor-heading-title elementor-size-default\">Por que nos escolher?<\/h2>\t\t<\/div>\n\t\t\t\t<\/div>\n\t\t\t\t<div class=\"elementor-element elementor-element-2e48b8a elementor-invisible elementor-widget elementor-widget-text-editor\" data-id=\"2e48b8a\" data-element_type=\"widget\" data-settings=\"{&quot;_animation&quot;:&quot;fadeIn&quot;}\" data-widget_type=\"text-editor.default\">\n\t\t\t\t<div class=\"elementor-widget-container\">\n\t\t\t\t\t\t\t<p><strong>Experi\u00eancia e Conhecimento do Mercado<\/strong>\u00a0<br \/>Contamos com uma equipe de especialistas com amplo conhecimento do mercado imobili\u00e1rio local.<\/p><p><strong>Aten\u00e7\u00e3o Personalizada <br \/><\/strong>Ouvimos suas necessidades e oferecemos solu\u00e7\u00f5es sob medida para cada cliente.<\/p><p><strong>Transpar\u00eancia e Confian\u00e7a <br \/><\/strong>Mantemos uma comunica\u00e7\u00e3o clara e transparente em todos os momentos, garantindo que voc\u00ea esteja bem informado e confort\u00e1vel durante todo o processo.<\/p><p><strong>Ampla Rede de Contatos<br \/><\/strong>Aproveitamos a nossa rede de contactos para maximizar as oportunidades de encontrar o im\u00f3vel ideal ou o comprador certo.<\/p><p class=\"translation-block\">No <strong>Realty Z Group<\/strong> , sua satisfa\u00e7\u00e3o \u00e9 nossa prioridade.<\/p>\t\t\t\t\t\t<\/div>\n\t\t\t\t<\/div>\n\t\t\t\t<\/div>\n\t\t\t\t\t<\/div>\n\t\t\t\t<\/div>\n\t\t\t\t<\/div>","protected":false},"excerpt":{"rendered":"<p>Nossos Servi\u00e7os Administra\u00e7\u00e3o de Im\u00f3veis Na Realty Z Group, cuidamos da gest\u00e3o completa do seu im\u00f3vel. Nossa equipe de profissionais est\u00e1 comprometida em maximizar o retorno do seu investimento e garantir o bom estado do seu im\u00f3vel. Nossos servi\u00e7os incluem: Administra\u00e7\u00e3o de Aluguel: Anunciar e promover seu im\u00f3vel em plataformas imobili\u00e1rias e redes sociais.<\/p>","protected":false},"author":2,"featured_media":0,"parent":32,"menu_order":1,"comment_status":"closed","ping_status":"closed","template":"elementor_header_footer","meta":{"_acf_changed":false,"_monsterinsights_skip_tracking":false,"_monsterinsights_sitenote_active":false,"_monsterinsights_sitenote_note":"","_monsterinsights_sitenote_category":0,"footnotes":""},"class_list":["post-52","page","type-page","status-publish","hentry"],"blocksy_meta":{"styles_descriptor":{"styles":{"desktop":"","tablet":"","mobile":""},"google_fonts":[],"version":6}},"acf":[],"yoast_head":"<!-- This site is optimized with the Yoast SEO plugin v24.6 - https:\/\/yoast.com\/wordpress\/plugins\/seo\/ -->\n<title>Nuestros servicios &#187; Realty Z Group | L&iacute;deres en el mercado inmobiliario de Panam&aacute;<\/title>\n<meta name=\"description\" content=\"En Realty Z Group nos encargamos de la administraci\u00f3n integral de su propiedad, nuestro equipo de profesionales est\u00e1 comprometido en maximizar el rendimiento de su inversi\u00f3n y asegurar el buen estado de su inmueble.\" \/>\n<meta name=\"robots\" content=\"index, follow, max-snippet:-1, max-image-preview:large, max-video-preview:-1\" \/>\n<link rel=\"canonical\" href=\"https:\/\/realtyzgroup.com\/pt\/nosotros\/servicos\/\" \/>\n<meta property=\"og:locale\" content=\"pt_PT\" \/>\n<meta property=\"og:type\" content=\"article\" \/>\n<meta property=\"og:title\" content=\"Nuestros servicios &#187; Realty Z Group | L&iacute;deres en el mercado inmobiliario de Panam&aacute;\" \/>\n<meta property=\"og:description\" content=\"En Realty Z Group nos encargamos de la administraci\u00f3n integral de su propiedad, nuestro equipo de profesionales est\u00e1 comprometido en maximizar el rendimiento de su inversi\u00f3n y asegurar el buen estado de su inmueble.\" \/>\n<meta property=\"og:url\" content=\"https:\/\/realtyzgroup.com\/pt\/nosotros\/servicos\/\" \/>\n<meta property=\"og:site_name\" content=\"Realty Z Group | L&iacute;deres en el mercado inmobiliario de Panam&aacute;\" \/>\n<meta property=\"article:publisher\" content=\"https:\/\/www.facebook.com\/realtyzgroupty\" \/>\n<meta property=\"article:modified_time\" content=\"2025-04-29T17:21:02+00:00\" \/>\n<meta name=\"twitter:card\" content=\"summary_large_image\" \/>\n<meta name=\"twitter:label1\" content=\"Tempo estimado de leitura\" \/>\n\t<meta name=\"twitter:data1\" content=\"3 minutos\" \/>\n<script type=\"application\/ld+json\" class=\"yoast-schema-graph\">{\"@context\":\"https:\/\/schema.org\",\"@graph\":[{\"@type\":\"WebPage\",\"@id\":\"https:\/\/realtyzgroup.com\/nosotros\/servicios\/\",\"url\":\"https:\/\/realtyzgroup.com\/nosotros\/servicios\/\",\"name\":\"Nuestros servicios &#187; Realty Z Group | L&iacute;deres en el mercado inmobiliario de Panam&aacute;\",\"isPartOf\":{\"@id\":\"https:\/\/realtyzgroup.com\/#website\"},\"datePublished\":\"2022-10-03T22:40:45+00:00\",\"dateModified\":\"2025-04-29T17:21:02+00:00\",\"description\":\"En Realty Z Group nos encargamos de la administraci\u00f3n integral de su propiedad, nuestro equipo de profesionales est\u00e1 comprometido en maximizar el rendimiento de su inversi\u00f3n y asegurar el buen estado de su inmueble.\",\"breadcrumb\":{\"@id\":\"https:\/\/realtyzgroup.com\/nosotros\/servicios\/#breadcrumb\"},\"inLanguage\":\"pt-PT\",\"potentialAction\":[{\"@type\":\"ReadAction\",\"target\":[\"https:\/\/realtyzgroup.com\/nosotros\/servicios\/\"]}]},{\"@type\":\"BreadcrumbList\",\"@id\":\"https:\/\/realtyzgroup.com\/nosotros\/servicios\/#breadcrumb\",\"itemListElement\":[{\"@type\":\"ListItem\",\"position\":1,\"name\":\"Realty Z Group\",\"item\":\"https:\/\/realtyzgroup.com\/\"},{\"@type\":\"ListItem\",\"position\":2,\"name\":\"Sobre nosotros\",\"item\":\"https:\/\/realtyzgroup.com\/nosotros\/\"},{\"@type\":\"ListItem\",\"position\":3,\"name\":\"Nuestros servicios\"}]},{\"@type\":\"WebSite\",\"@id\":\"https:\/\/realtyzgroup.com\/#website\",\"url\":\"https:\/\/realtyzgroup.com\/\",\"name\":\"Realty Z Group | L\u00edderes en el mercado inmobiliario de Panam\u00e1\",\"description\":\"Administraci&oacute;n, venta y alquiler de propiedades. Te guiamos en la b&uacute;squeda de tu hogar en Ciudad de Panam&aacute; y en las playas del Pac&iacute;fico.\",\"publisher\":{\"@id\":\"https:\/\/realtyzgroup.com\/#organization\"},\"potentialAction\":[{\"@type\":\"SearchAction\",\"target\":{\"@type\":\"EntryPoint\",\"urlTemplate\":\"https:\/\/realtyzgroup.com\/?s={search_term_string}\"},\"query-input\":{\"@type\":\"PropertyValueSpecification\",\"valueRequired\":true,\"valueName\":\"search_term_string\"}}],\"inLanguage\":\"pt-PT\"},{\"@type\":\"Organization\",\"@id\":\"https:\/\/realtyzgroup.com\/#organization\",\"name\":\"Realty Z Group | L\u00edderes en el mercado inmobiliario de Panam\u00e1\",\"url\":\"https:\/\/realtyzgroup.com\/\",\"logo\":{\"@type\":\"ImageObject\",\"inLanguage\":\"pt-PT\",\"@id\":\"https:\/\/realtyzgroup.com\/#\/schema\/logo\/image\/\",\"url\":\"https:\/\/realtyzgroup.com\/wp-content\/uploads\/2024\/04\/Manual-de-marca-RZG-3-1.png\",\"contentUrl\":\"https:\/\/realtyzgroup.com\/wp-content\/uploads\/2024\/04\/Manual-de-marca-RZG-3-1.png\",\"width\":2000,\"height\":1414,\"caption\":\"Realty Z Group | L\u00edderes en el mercado inmobiliario de Panam\u00e1\"},\"image\":{\"@id\":\"https:\/\/realtyzgroup.com\/#\/schema\/logo\/image\/\"},\"sameAs\":[\"https:\/\/www.facebook.com\/realtyzgroupty\",\"https:\/\/www.instagram.com\/realtyzgroup.ok\",\"https:\/\/www.linkedin.com\/company\/realtyzgroupok\/\"]}]}<\/script>\n<!-- \/ Yoast SEO plugin. -->","yoast_head_json":{"title":"Nuestros servicios &#187; Realty Z Group | L&iacute;deres en el mercado inmobiliario de Panam&aacute;","description":"En Realty Z Group nos encargamos de la administraci\u00f3n integral de su propiedad, nuestro equipo de profesionales est\u00e1 comprometido en maximizar el rendimiento de su inversi\u00f3n y asegurar el buen estado de su inmueble.","robots":{"index":"index","follow":"follow","max-snippet":"max-snippet:-1","max-image-preview":"max-image-preview:large","max-video-preview":"max-video-preview:-1"},"canonical":"https:\/\/realtyzgroup.com\/pt\/nosotros\/servicos\/","og_locale":"pt_PT","og_type":"article","og_title":"Nuestros servicios &#187; Realty Z Group | L&iacute;deres en el mercado inmobiliario de Panam&aacute;","og_description":"En Realty Z Group nos encargamos de la administraci\u00f3n integral de su propiedad, nuestro equipo de profesionales est\u00e1 comprometido en maximizar el rendimiento de su inversi\u00f3n y asegurar el buen estado de su inmueble.","og_url":"https:\/\/realtyzgroup.com\/pt\/nosotros\/servicos\/","og_site_name":"Realty Z Group | L&iacute;deres en el mercado inmobiliario de Panam&aacute;","article_publisher":"https:\/\/www.facebook.com\/realtyzgroupty","article_modified_time":"2025-04-29T17:21:02+00:00","twitter_card":"summary_large_image","twitter_misc":{"Tempo estimado de leitura":"3 minutos"},"schema":{"@context":"https:\/\/schema.org","@graph":[{"@type":"WebPage","@id":"https:\/\/realtyzgroup.com\/nosotros\/servicios\/","url":"https:\/\/realtyzgroup.com\/nosotros\/servicios\/","name":"Nuestros servicios &#187; Realty Z Group | L&iacute;deres en el mercado inmobiliario de Panam&aacute;","isPartOf":{"@id":"https:\/\/realtyzgroup.com\/#website"},"datePublished":"2022-10-03T22:40:45+00:00","dateModified":"2025-04-29T17:21:02+00:00","description":"En Realty Z Group nos encargamos de la administraci\u00f3n integral de su propiedad, nuestro equipo de profesionales est\u00e1 comprometido en maximizar el rendimiento de su inversi\u00f3n y asegurar el buen estado de su inmueble.","breadcrumb":{"@id":"https:\/\/realtyzgroup.com\/nosotros\/servicios\/#breadcrumb"},"inLanguage":"pt-PT","potentialAction":[{"@type":"ReadAction","target":["https:\/\/realtyzgroup.com\/nosotros\/servicios\/"]}]},{"@type":"BreadcrumbList","@id":"https:\/\/realtyzgroup.com\/nosotros\/servicios\/#breadcrumb","itemListElement":[{"@type":"ListItem","position":1,"name":"Realty Z Group","item":"https:\/\/realtyzgroup.com\/"},{"@type":"ListItem","position":2,"name":"Sobre nosotros","item":"https:\/\/realtyzgroup.com\/nosotros\/"},{"@type":"ListItem","position":3,"name":"Nuestros servicios"}]},{"@type":"WebSite","@id":"https:\/\/realtyzgroup.com\/#website","url":"https:\/\/realtyzgroup.com\/","name":"Realty Z Group | L\u00edderes en el mercado inmobiliario de Panam\u00e1","description":"Administraci&oacute;n, venta y alquiler de propiedades. Te guiamos en la b&uacute;squeda de tu hogar en Ciudad de Panam&aacute; y en las playas del Pac&iacute;fico.","publisher":{"@id":"https:\/\/realtyzgroup.com\/#organization"},"potentialAction":[{"@type":"SearchAction","target":{"@type":"EntryPoint","urlTemplate":"https:\/\/realtyzgroup.com\/?s={search_term_string}"},"query-input":{"@type":"PropertyValueSpecification","valueRequired":true,"valueName":"search_term_string"}}],"inLanguage":"pt-PT"},{"@type":"Organization","@id":"https:\/\/realtyzgroup.com\/#organization","name":"Realty Z Group | L\u00edderes en el mercado inmobiliario de Panam\u00e1","url":"https:\/\/realtyzgroup.com\/","logo":{"@type":"ImageObject","inLanguage":"pt-PT","@id":"https:\/\/realtyzgroup.com\/#\/schema\/logo\/image\/","url":"https:\/\/realtyzgroup.com\/wp-content\/uploads\/2024\/04\/Manual-de-marca-RZG-3-1.png","contentUrl":"https:\/\/realtyzgroup.com\/wp-content\/uploads\/2024\/04\/Manual-de-marca-RZG-3-1.png","width":2000,"height":1414,"caption":"Realty Z Group | L\u00edderes en el mercado inmobiliario de Panam\u00e1"},"image":{"@id":"https:\/\/realtyzgroup.com\/#\/schema\/logo\/image\/"},"sameAs":["https:\/\/www.facebook.com\/realtyzgroupty","https:\/\/www.instagram.com\/realtyzgroup.ok","https:\/\/www.linkedin.com\/company\/realtyzgroupok\/"]}]}},"_links":{"self":[{"href":"https:\/\/realtyzgroup.com\/pt\/wp-json\/wp\/v2\/pages\/52"}],"collection":[{"href":"https:\/\/realtyzgroup.com\/pt\/wp-json\/wp\/v2\/pages"}],"about":[{"href":"https:\/\/realtyzgroup.com\/pt\/wp-json\/wp\/v2\/types\/page"}],"author":[{"embeddable":true,"href":"https:\/\/realtyzgroup.com\/pt\/wp-json\/wp\/v2\/users\/2"}],"replies":[{"embeddable":true,"href":"https:\/\/realtyzgroup.com\/pt\/wp-json\/wp\/v2\/comments?post=52"}],"version-history":[{"count":104,"href":"https:\/\/realtyzgroup.com\/pt\/wp-json\/wp\/v2\/pages\/52\/revisions"}],"predecessor-version":[{"id":15802,"href":"https:\/\/realtyzgroup.com\/pt\/wp-json\/wp\/v2\/pages\/52\/revisions\/15802"}],"up":[{"embeddable":true,"href":"https:\/\/realtyzgroup.com\/pt\/wp-json\/wp\/v2\/pages\/32"}],"wp:attachment":[{"href":"https:\/\/realtyzgroup.com\/pt\/wp-json\/wp\/v2\/media?parent=52"}],"curies":[{"name":"wp","href":"https:\/\/api.w.org\/{rel}","templated":true}]}}