{"id":52,"date":"2022-10-03T17:40:45","date_gmt":"2022-10-03T22:40:45","guid":{"rendered":"https:\/\/realtyzgroup.com\/?page_id=52"},"modified":"2025-04-29T12:21:02","modified_gmt":"2025-04-29T17:21:02","slug":"servicios","status":"publish","type":"page","link":"https:\/\/realtyzgroup.com\/en\/us\/services\/","title":{"rendered":"Our services"},"content":{"rendered":"<div data-elementor-type=\"wp-page\" data-elementor-id=\"52\" class=\"elementor elementor-52\" data-elementor-post-type=\"page\">\n\t\t\t\t<div class=\"elementor-element elementor-element-ab45450 e-flex e-con-boxed e-con e-parent\" data-id=\"ab45450\" data-element_type=\"container\" data-settings=\"{&quot;background_background&quot;:&quot;classic&quot;}\">\n\t\t\t\t\t<div class=\"e-con-inner\">\n\t\t\t\t\t<\/div>\n\t\t\t\t<\/div>\n\t\t<div class=\"elementor-element elementor-element-ea1ba8e e-flex e-con-boxed elementor-invisible e-con e-parent\" data-id=\"ea1ba8e\" data-element_type=\"container\" data-settings=\"{&quot;animation&quot;:&quot;fadeIn&quot;}\">\n\t\t\t\t\t<div class=\"e-con-inner\">\n\t\t<div class=\"elementor-element elementor-element-f5ca6f4 e-con-full e-flex e-con e-child\" data-id=\"f5ca6f4\" data-element_type=\"container\">\n\t\t\t\t<div class=\"elementor-element elementor-element-bb8dc14 elementor-widget__width-auto text-line-left elementor-invisible elementor-widget elementor-widget-heading\" data-id=\"bb8dc14\" data-element_type=\"widget\" data-settings=\"{&quot;_animation&quot;:&quot;fadeIn&quot;}\" data-widget_type=\"heading.default\">\n\t\t\t\t<div class=\"elementor-widget-container\">\n\t\t\t<div class=\"elementor-heading-title elementor-size-default\">Our<\/div>\t\t<\/div>\n\t\t\t\t<\/div>\n\t\t\t\t<div class=\"elementor-element elementor-element-84f2b79 elementor-invisible elementor-widget elementor-widget-heading\" data-id=\"84f2b79\" data-element_type=\"widget\" data-settings=\"{&quot;_animation&quot;:&quot;fadeIn&quot;}\" data-widget_type=\"heading.default\">\n\t\t\t\t<div class=\"elementor-widget-container\">\n\t\t\t<h1 class=\"elementor-heading-title elementor-size-default\">Services<\/h1>\t\t<\/div>\n\t\t\t\t<\/div>\n\t\t\t\t<\/div>\n\t\t\t\t\t<\/div>\n\t\t\t\t<\/div>\n\t\t<div class=\"elementor-element elementor-element-9547a7d e-con-full e-flex elementor-invisible e-con e-parent\" data-id=\"9547a7d\" data-element_type=\"container\" data-settings=\"{&quot;animation&quot;:&quot;fadeIn&quot;}\">\n\t\t<div class=\"elementor-element elementor-element-3a04a0c e-con-full e-flex e-con e-child\" data-id=\"3a04a0c\" data-element_type=\"container\" data-settings=\"{&quot;background_background&quot;:&quot;classic&quot;}\">\n\t\t\t\t<div class=\"elementor-element elementor-element-0c39fd1 elementor-invisible elementor-widget elementor-widget-heading\" data-id=\"0c39fd1\" data-element_type=\"widget\" data-settings=\"{&quot;_animation&quot;:&quot;fadeIn&quot;}\" data-widget_type=\"heading.default\">\n\t\t\t\t<div class=\"elementor-widget-container\">\n\t\t\t<h2 class=\"elementor-heading-title elementor-size-default\">Property Management<\/h2>\t\t<\/div>\n\t\t\t\t<\/div>\n\t\t\t\t<div class=\"elementor-element elementor-element-57c0745 elementor-invisible elementor-widget elementor-widget-text-editor\" data-id=\"57c0745\" data-element_type=\"widget\" data-settings=\"{&quot;_animation&quot;:&quot;fadeIn&quot;}\" data-widget_type=\"text-editor.default\">\n\t\t\t\t<div class=\"elementor-widget-container\">\n\t\t\t\t\t\t\t<p>At Realty Z Group, we take care of the comprehensive management of your property. Our team of professionals is committed to maximizing the return on your investment and ensuring the good condition of your property.<\/p><p><em><strong>Our service includes:<\/strong>\u00a0<\/em><\/p><p><strong>Rental Management:<\/strong>\u00a0<br \/>Publication and promotion of your property on real estate platforms and social media. Selection and verification of tenants through rigorous selection processes. Drafting and management of rental contracts.<\/p><p><strong>Maintenance and Repairs: <br \/><\/strong>Coordination of preventive and corrective maintenance services. Supervision of repairs necessary to keep the property in optimal conditions. Access to a network of reliable suppliers and contractors.<\/p><p><strong>Collection of monthly rents and payment administration: <br \/><\/strong>Accounts payable management, including utilities and other expenses. Preparation and delivery of detailed and transparent financial reports.<\/p><p><strong>Attention Tenant: <br \/><\/strong>Fast and efficient response to tenant requests and needs. Complaint management and conflict resolution. 24-hour customer service available.<\/p><p class=\"translation-block\">At Realty Z Group, <strong>your peace of mind and satisfaction are our priority.<\/strong><\/p>\t\t\t\t\t\t<\/div>\n\t\t\t\t<\/div>\n\t\t\t\t<\/div>\n\t\t\t\t<\/div>\n\t\t<div class=\"elementor-element elementor-element-b7249cb e-flex e-con-boxed elementor-invisible e-con e-parent\" data-id=\"b7249cb\" data-element_type=\"container\" data-settings=\"{&quot;animation&quot;:&quot;fadeIn&quot;}\">\n\t\t\t\t\t<div class=\"e-con-inner\">\n\t\t<div class=\"elementor-element elementor-element-956722d e-con-full e-flex e-con e-child\" data-id=\"956722d\" data-element_type=\"container\">\n\t\t\t\t<div class=\"elementor-element elementor-element-c18d17c elementor-align-right black-btn left-line elementor-widget__width-auto elementor-mobile-align-center elementor-invisible elementor-widget elementor-widget-button\" data-id=\"c18d17c\" data-element_type=\"widget\" data-settings=\"{&quot;_animation&quot;:&quot;fadeIn&quot;}\" data-widget_type=\"button.default\">\n\t\t\t\t<div class=\"elementor-widget-container\">\n\t\t\t\t\t<div class=\"elementor-button-wrapper\">\n\t\t\t<a class=\"elementor-button elementor-button-link elementor-size-sm\" href=\"https:\/\/realtyzgroup.com\/en\/contact\/\">\n\t\t\t\t\t\t<span class=\"elementor-button-content-wrapper\">\n\t\t\t\t\t\t\t\t\t<span class=\"elementor-button-text\">Learn more<\/span>\n\t\t\t\t\t<\/span>\n\t\t\t\t\t<\/a>\n\t\t<\/div>\n\t\t\t\t<\/div>\n\t\t\t\t<\/div>\n\t\t\t\t<div class=\"elementor-element elementor-element-c8a94c8 elementor-align-right black-btn left-line elementor-widget__width-auto elementor-mobile-align-center elementor-invisible elementor-widget elementor-widget-button\" data-id=\"c8a94c8\" data-element_type=\"widget\" data-settings=\"{&quot;_animation&quot;:&quot;fadeIn&quot;}\" data-widget_type=\"button.default\">\n\t\t\t\t<div class=\"elementor-widget-container\">\n\t\t\t\t\t<div class=\"elementor-button-wrapper\">\n\t\t\t<a class=\"elementor-button elementor-button-link elementor-size-sm\" href=\"#ct-popup-15716\">\n\t\t\t\t\t\t<span class=\"elementor-button-content-wrapper\">\n\t\t\t\t\t\t\t\t\t<span class=\"elementor-button-text\">Contact an advisor<\/span>\n\t\t\t\t\t<\/span>\n\t\t\t\t\t<\/a>\n\t\t<\/div>\n\t\t\t\t<\/div>\n\t\t\t\t<\/div>\n\t\t\t\t<\/div>\n\t\t\t\t\t<\/div>\n\t\t\t\t<\/div>\n\t\t<div class=\"elementor-element elementor-element-68d446f e-con-full e-flex elementor-invisible e-con e-parent\" data-id=\"68d446f\" data-element_type=\"container\" data-settings=\"{&quot;animation&quot;:&quot;fadeIn&quot;}\">\n\t\t<div class=\"elementor-element elementor-element-c6c25c2 e-con-full e-flex e-con e-child\" data-id=\"c6c25c2\" data-element_type=\"container\" data-settings=\"{&quot;background_background&quot;:&quot;classic&quot;}\">\n\t\t\t\t<div class=\"elementor-element elementor-element-6070699 elementor-invisible elementor-widget elementor-widget-heading\" data-id=\"6070699\" data-element_type=\"widget\" data-settings=\"{&quot;_animation&quot;:&quot;fadeIn&quot;}\" data-widget_type=\"heading.default\">\n\t\t\t\t<div class=\"elementor-widget-container\">\n\t\t\t<h2 class=\"elementor-heading-title elementor-size-default\">Rental and sale of properties<\/h2>\t\t<\/div>\n\t\t\t\t<\/div>\n\t\t\t\t<div class=\"elementor-element elementor-element-8d18d25 elementor-invisible elementor-widget elementor-widget-text-editor\" data-id=\"8d18d25\" data-element_type=\"widget\" data-settings=\"{&quot;_animation&quot;:&quot;fadeIn&quot;}\" data-widget_type=\"text-editor.default\">\n\t\t\t\t<div class=\"elementor-widget-container\">\n\t\t\t\t\t\t\t<p class=\"translation-block\">At <strong>REALTY Z GROUP,<\/strong> we aim to provide a personalized and efficient service to help you find the ideal home or investment based on your needs.<\/p><p><strong><em>Our service includes:<\/em> <\/strong><\/p><p><strong>Property Rentals:<\/strong>\u00a0<\/p><ul><li><strong>Custom Search:<\/strong>\u00a0We have access to a large database of properties available for rent that meet your needs and preferences.<\/li><li><strong>Guided Tours:<\/strong>\u00a0We organize and accompany you on visits to the properties of interest to you.<\/li><li><strong>Negotiation and Contracts:<\/strong>\u00a0We assist in negotiating terms and conditions, and drafting clear and fair lease agreements.<\/li><\/ul><p><strong>Property Sales: <\/strong><\/p><ul><li><strong>Property Evaluation:<\/strong>\u00a0We carry out a professional appraisal of your property to determine the appropriate sale price.<\/li><li><strong>Marketing and Advertising: <\/strong>We promote your property through various channels, including real estate portals, social media and our database of potential clients.<\/li><li><strong>Negotiation and Closing:<\/strong>\u00a0We provide support in negotiating offers and in all aspects of the closing process, ensuring that each transaction is smooth and successful.<\/li><li><strong>Legal and Financial Advice:<\/strong>\u00a0We provide guidance on legal and financial aspects related to the purchase and sale of properties.<\/li><\/ul>\t\t\t\t\t\t<\/div>\n\t\t\t\t<\/div>\n\t\t\t\t<\/div>\n\t\t\t\t<\/div>\n\t\t<div class=\"elementor-element elementor-element-cb7e9ec e-flex e-con-boxed elementor-invisible e-con e-parent\" data-id=\"cb7e9ec\" data-element_type=\"container\" data-settings=\"{&quot;animation&quot;:&quot;fadeIn&quot;}\">\n\t\t\t\t\t<div class=\"e-con-inner\">\n\t\t<div class=\"elementor-element elementor-element-2569907 e-con-full e-flex e-con e-child\" data-id=\"2569907\" data-element_type=\"container\">\n\t\t\t\t<div class=\"elementor-element elementor-element-400248b elementor-align-right black-btn left-line right-line elementor-widget__width-auto elementor-mobile-align-center elementor-invisible elementor-widget elementor-widget-button\" data-id=\"400248b\" data-element_type=\"widget\" data-settings=\"{&quot;_animation&quot;:&quot;fadeIn&quot;}\" data-widget_type=\"button.default\">\n\t\t\t\t<div class=\"elementor-widget-container\">\n\t\t\t\t\t<div class=\"elementor-button-wrapper\">\n\t\t\t<a class=\"elementor-button elementor-button-link elementor-size-sm\" href=\"https:\/\/realtyzgroup.com\/en\/contact\/\">\n\t\t\t\t\t\t<span class=\"elementor-button-content-wrapper\">\n\t\t\t\t\t\t\t\t\t<span class=\"elementor-button-text\">Learn more<\/span>\n\t\t\t\t\t<\/span>\n\t\t\t\t\t<\/a>\n\t\t<\/div>\n\t\t\t\t<\/div>\n\t\t\t\t<\/div>\n\t\t\t\t<div class=\"elementor-element elementor-element-c8a7f74 elementor-align-right black-btn left-line right-line elementor-widget__width-auto elementor-mobile-align-center elementor-invisible elementor-widget elementor-widget-button\" data-id=\"c8a7f74\" data-element_type=\"widget\" data-settings=\"{&quot;_animation&quot;:&quot;fadeIn&quot;}\" data-widget_type=\"button.default\">\n\t\t\t\t<div class=\"elementor-widget-container\">\n\t\t\t\t\t<div class=\"elementor-button-wrapper\">\n\t\t\t<a class=\"elementor-button elementor-button-link elementor-size-sm\" href=\"https:\/\/realtyzgroup.com\/en\/contact\/\">\n\t\t\t\t\t\t<span class=\"elementor-button-content-wrapper\">\n\t\t\t\t\t\t\t\t\t<span class=\"elementor-button-text\">list with us<\/span>\n\t\t\t\t\t<\/span>\n\t\t\t\t\t<\/a>\n\t\t<\/div>\n\t\t\t\t<\/div>\n\t\t\t\t<\/div>\n\t\t\t\t<div class=\"elementor-element elementor-element-ca454bc elementor-align-right black-btn left-line right-line elementor-widget__width-auto elementor-mobile-align-center elementor-invisible elementor-widget elementor-widget-button\" data-id=\"ca454bc\" data-element_type=\"widget\" data-settings=\"{&quot;_animation&quot;:&quot;fadeIn&quot;}\" data-widget_type=\"button.default\">\n\t\t\t\t<div class=\"elementor-widget-container\">\n\t\t\t\t\t<div class=\"elementor-button-wrapper\">\n\t\t\t<a class=\"elementor-button elementor-button-link elementor-size-sm\" href=\"#ct-popup-15716\">\n\t\t\t\t\t\t<span class=\"elementor-button-content-wrapper\">\n\t\t\t\t\t\t\t\t\t<span class=\"elementor-button-text\">Contact an advisor<\/span>\n\t\t\t\t\t<\/span>\n\t\t\t\t\t<\/a>\n\t\t<\/div>\n\t\t\t\t<\/div>\n\t\t\t\t<\/div>\n\t\t\t\t<\/div>\n\t\t\t\t\t<\/div>\n\t\t\t\t<\/div>\n\t\t<div class=\"elementor-element elementor-element-bf61d31 e-flex e-con-boxed elementor-invisible e-con e-parent\" data-id=\"bf61d31\" data-element_type=\"container\" data-settings=\"{&quot;background_background&quot;:&quot;classic&quot;,&quot;animation&quot;:&quot;fadeIn&quot;}\">\n\t\t\t\t\t<div class=\"e-con-inner\">\n\t\t<div class=\"elementor-element elementor-element-c6d649f e-con-full e-flex e-con e-child\" data-id=\"c6d649f\" data-element_type=\"container\">\n\t\t\t\t<div class=\"elementor-element elementor-element-f0174a4 elementor-widget__width-auto elementor-invisible elementor-widget elementor-widget-heading\" data-id=\"f0174a4\" data-element_type=\"widget\" data-settings=\"{&quot;_animation&quot;:&quot;fadeIn&quot;}\" data-widget_type=\"heading.default\">\n\t\t\t\t<div class=\"elementor-widget-container\">\n\t\t\t<h2 class=\"elementor-heading-title elementor-size-default\">Why choose us?<\/h2>\t\t<\/div>\n\t\t\t\t<\/div>\n\t\t\t\t<div class=\"elementor-element elementor-element-2e48b8a elementor-invisible elementor-widget elementor-widget-text-editor\" data-id=\"2e48b8a\" data-element_type=\"widget\" data-settings=\"{&quot;_animation&quot;:&quot;fadeIn&quot;}\" data-widget_type=\"text-editor.default\">\n\t\t\t\t<div class=\"elementor-widget-container\">\n\t\t\t\t\t\t\t<p><strong>Experience and Market Knowledge<\/strong>\u00a0<br \/>We have a team of experts with extensive knowledge of the local real estate market.<\/p><p><strong>Personalized Attention <br \/><\/strong>We listen to your needs and offer tailor-made solutions for each client.<\/p><p><strong>Transparency and Trust <br \/><\/strong>We maintain clear and transparent communication at all times, ensuring you are well informed and comfortable throughout the entire process.<\/p><p><strong>Wide Network of Contacts<br \/><\/strong>We leverage our network of contacts to maximize the opportunities of finding the ideal property or the right buyer.<\/p><p class=\"translation-block\">At <strong>Realty Z Group<\/strong>, your satisfaction is our priority.<\/p>\t\t\t\t\t\t<\/div>\n\t\t\t\t<\/div>\n\t\t\t\t<\/div>\n\t\t\t\t\t<\/div>\n\t\t\t\t<\/div>\n\t\t\t\t<\/div>","protected":false},"excerpt":{"rendered":"<p>Our Services Property Management At Realty Z Group, we take care of the comprehensive management of your property. Our team of professionals is committed to maximizing the return on your investment and ensuring the good condition of your property. Our services include: Rental Management: Listing and promoting your property on real estate platforms and social networks.<\/p>","protected":false},"author":2,"featured_media":0,"parent":32,"menu_order":1,"comment_status":"closed","ping_status":"closed","template":"elementor_header_footer","meta":{"_acf_changed":false,"_monsterinsights_skip_tracking":false,"_monsterinsights_sitenote_active":false,"_monsterinsights_sitenote_note":"","_monsterinsights_sitenote_category":0,"footnotes":""},"class_list":["post-52","page","type-page","status-publish","hentry"],"blocksy_meta":{"styles_descriptor":{"styles":{"desktop":"","tablet":"","mobile":""},"google_fonts":[],"version":6}},"acf":[],"yoast_head":"<!-- This site is optimized with the Yoast SEO plugin v24.6 - https:\/\/yoast.com\/wordpress\/plugins\/seo\/ -->\n<title>Nuestros servicios &#187; Realty Z Group | L&iacute;deres en el mercado inmobiliario de Panam&aacute;<\/title>\n<meta name=\"description\" content=\"En Realty Z Group nos encargamos de la administraci\u00f3n integral de su propiedad, nuestro equipo de profesionales est\u00e1 comprometido en maximizar el rendimiento de su inversi\u00f3n y asegurar el buen estado de su inmueble.\" \/>\n<meta name=\"robots\" content=\"index, follow, max-snippet:-1, max-image-preview:large, max-video-preview:-1\" \/>\n<link rel=\"canonical\" href=\"https:\/\/realtyzgroup.com\/en\/us\/services\/\" \/>\n<meta property=\"og:locale\" content=\"en_US\" \/>\n<meta property=\"og:type\" content=\"article\" \/>\n<meta property=\"og:title\" content=\"Nuestros servicios &#187; Realty Z Group | L&iacute;deres en el mercado inmobiliario de Panam&aacute;\" \/>\n<meta property=\"og:description\" content=\"En Realty Z Group nos encargamos de la administraci\u00f3n integral de su propiedad, nuestro equipo de profesionales est\u00e1 comprometido en maximizar el rendimiento de su inversi\u00f3n y asegurar el buen estado de su inmueble.\" \/>\n<meta property=\"og:url\" content=\"https:\/\/realtyzgroup.com\/en\/us\/services\/\" \/>\n<meta property=\"og:site_name\" content=\"Realty Z Group | L&iacute;deres en el mercado inmobiliario de Panam&aacute;\" \/>\n<meta property=\"article:publisher\" content=\"https:\/\/www.facebook.com\/realtyzgroupty\" \/>\n<meta property=\"article:modified_time\" content=\"2025-04-29T17:21:02+00:00\" \/>\n<meta name=\"twitter:card\" content=\"summary_large_image\" \/>\n<meta name=\"twitter:label1\" content=\"Est. reading time\" \/>\n\t<meta name=\"twitter:data1\" content=\"3 minutes\" \/>\n<script type=\"application\/ld+json\" class=\"yoast-schema-graph\">{\"@context\":\"https:\/\/schema.org\",\"@graph\":[{\"@type\":\"WebPage\",\"@id\":\"https:\/\/realtyzgroup.com\/nosotros\/servicios\/\",\"url\":\"https:\/\/realtyzgroup.com\/nosotros\/servicios\/\",\"name\":\"Nuestros servicios &#187; Realty Z Group | L&iacute;deres en el mercado inmobiliario de Panam&aacute;\",\"isPartOf\":{\"@id\":\"https:\/\/realtyzgroup.com\/#website\"},\"datePublished\":\"2022-10-03T22:40:45+00:00\",\"dateModified\":\"2025-04-29T17:21:02+00:00\",\"description\":\"En Realty Z Group nos encargamos de la administraci\u00f3n integral de su propiedad, nuestro equipo de profesionales est\u00e1 comprometido en maximizar el rendimiento de su inversi\u00f3n y asegurar el buen estado de su inmueble.\",\"breadcrumb\":{\"@id\":\"https:\/\/realtyzgroup.com\/nosotros\/servicios\/#breadcrumb\"},\"inLanguage\":\"en-US\",\"potentialAction\":[{\"@type\":\"ReadAction\",\"target\":[\"https:\/\/realtyzgroup.com\/nosotros\/servicios\/\"]}]},{\"@type\":\"BreadcrumbList\",\"@id\":\"https:\/\/realtyzgroup.com\/nosotros\/servicios\/#breadcrumb\",\"itemListElement\":[{\"@type\":\"ListItem\",\"position\":1,\"name\":\"Realty Z Group\",\"item\":\"https:\/\/realtyzgroup.com\/\"},{\"@type\":\"ListItem\",\"position\":2,\"name\":\"Sobre nosotros\",\"item\":\"https:\/\/realtyzgroup.com\/nosotros\/\"},{\"@type\":\"ListItem\",\"position\":3,\"name\":\"Nuestros servicios\"}]},{\"@type\":\"WebSite\",\"@id\":\"https:\/\/realtyzgroup.com\/#website\",\"url\":\"https:\/\/realtyzgroup.com\/\",\"name\":\"Realty Z Group | L\u00edderes en el mercado inmobiliario de Panam\u00e1\",\"description\":\"Administraci&oacute;n, venta y alquiler de propiedades. Te guiamos en la b&uacute;squeda de tu hogar en Ciudad de Panam&aacute; y en las playas del Pac&iacute;fico.\",\"publisher\":{\"@id\":\"https:\/\/realtyzgroup.com\/#organization\"},\"potentialAction\":[{\"@type\":\"SearchAction\",\"target\":{\"@type\":\"EntryPoint\",\"urlTemplate\":\"https:\/\/realtyzgroup.com\/?s={search_term_string}\"},\"query-input\":{\"@type\":\"PropertyValueSpecification\",\"valueRequired\":true,\"valueName\":\"search_term_string\"}}],\"inLanguage\":\"en-US\"},{\"@type\":\"Organization\",\"@id\":\"https:\/\/realtyzgroup.com\/#organization\",\"name\":\"Realty Z Group | L\u00edderes en el mercado inmobiliario de Panam\u00e1\",\"url\":\"https:\/\/realtyzgroup.com\/\",\"logo\":{\"@type\":\"ImageObject\",\"inLanguage\":\"en-US\",\"@id\":\"https:\/\/realtyzgroup.com\/#\/schema\/logo\/image\/\",\"url\":\"https:\/\/realtyzgroup.com\/wp-content\/uploads\/2024\/04\/Manual-de-marca-RZG-3-1.png\",\"contentUrl\":\"https:\/\/realtyzgroup.com\/wp-content\/uploads\/2024\/04\/Manual-de-marca-RZG-3-1.png\",\"width\":2000,\"height\":1414,\"caption\":\"Realty Z Group | L\u00edderes en el mercado inmobiliario de Panam\u00e1\"},\"image\":{\"@id\":\"https:\/\/realtyzgroup.com\/#\/schema\/logo\/image\/\"},\"sameAs\":[\"https:\/\/www.facebook.com\/realtyzgroupty\",\"https:\/\/www.instagram.com\/realtyzgroup.ok\",\"https:\/\/www.linkedin.com\/company\/realtyzgroupok\/\"]}]}<\/script>\n<!-- \/ Yoast SEO plugin. -->","yoast_head_json":{"title":"Nuestros servicios &#187; Realty Z Group | L&iacute;deres en el mercado inmobiliario de Panam&aacute;","description":"En Realty Z Group nos encargamos de la administraci\u00f3n integral de su propiedad, nuestro equipo de profesionales est\u00e1 comprometido en maximizar el rendimiento de su inversi\u00f3n y asegurar el buen estado de su inmueble.","robots":{"index":"index","follow":"follow","max-snippet":"max-snippet:-1","max-image-preview":"max-image-preview:large","max-video-preview":"max-video-preview:-1"},"canonical":"https:\/\/realtyzgroup.com\/en\/us\/services\/","og_locale":"en_US","og_type":"article","og_title":"Nuestros servicios &#187; Realty Z Group | L&iacute;deres en el mercado inmobiliario de Panam&aacute;","og_description":"En Realty Z Group nos encargamos de la administraci\u00f3n integral de su propiedad, nuestro equipo de profesionales est\u00e1 comprometido en maximizar el rendimiento de su inversi\u00f3n y asegurar el buen estado de su inmueble.","og_url":"https:\/\/realtyzgroup.com\/en\/us\/services\/","og_site_name":"Realty Z Group | L&iacute;deres en el mercado inmobiliario de Panam&aacute;","article_publisher":"https:\/\/www.facebook.com\/realtyzgroupty","article_modified_time":"2025-04-29T17:21:02+00:00","twitter_card":"summary_large_image","twitter_misc":{"Est. reading time":"3 minutes"},"schema":{"@context":"https:\/\/schema.org","@graph":[{"@type":"WebPage","@id":"https:\/\/realtyzgroup.com\/nosotros\/servicios\/","url":"https:\/\/realtyzgroup.com\/nosotros\/servicios\/","name":"Nuestros servicios &#187; Realty Z Group | L&iacute;deres en el mercado inmobiliario de Panam&aacute;","isPartOf":{"@id":"https:\/\/realtyzgroup.com\/#website"},"datePublished":"2022-10-03T22:40:45+00:00","dateModified":"2025-04-29T17:21:02+00:00","description":"En Realty Z Group nos encargamos de la administraci\u00f3n integral de su propiedad, nuestro equipo de profesionales est\u00e1 comprometido en maximizar el rendimiento de su inversi\u00f3n y asegurar el buen estado de su inmueble.","breadcrumb":{"@id":"https:\/\/realtyzgroup.com\/nosotros\/servicios\/#breadcrumb"},"inLanguage":"en-US","potentialAction":[{"@type":"ReadAction","target":["https:\/\/realtyzgroup.com\/nosotros\/servicios\/"]}]},{"@type":"BreadcrumbList","@id":"https:\/\/realtyzgroup.com\/nosotros\/servicios\/#breadcrumb","itemListElement":[{"@type":"ListItem","position":1,"name":"Realty Z Group","item":"https:\/\/realtyzgroup.com\/"},{"@type":"ListItem","position":2,"name":"Sobre nosotros","item":"https:\/\/realtyzgroup.com\/nosotros\/"},{"@type":"ListItem","position":3,"name":"Nuestros servicios"}]},{"@type":"WebSite","@id":"https:\/\/realtyzgroup.com\/#website","url":"https:\/\/realtyzgroup.com\/","name":"Realty Z Group | L\u00edderes en el mercado inmobiliario de Panam\u00e1","description":"Administraci&oacute;n, venta y alquiler de propiedades. Te guiamos en la b&uacute;squeda de tu hogar en Ciudad de Panam&aacute; y en las playas del Pac&iacute;fico.","publisher":{"@id":"https:\/\/realtyzgroup.com\/#organization"},"potentialAction":[{"@type":"SearchAction","target":{"@type":"EntryPoint","urlTemplate":"https:\/\/realtyzgroup.com\/?s={search_term_string}"},"query-input":{"@type":"PropertyValueSpecification","valueRequired":true,"valueName":"search_term_string"}}],"inLanguage":"en-US"},{"@type":"Organization","@id":"https:\/\/realtyzgroup.com\/#organization","name":"Realty Z Group | L\u00edderes en el mercado inmobiliario de Panam\u00e1","url":"https:\/\/realtyzgroup.com\/","logo":{"@type":"ImageObject","inLanguage":"en-US","@id":"https:\/\/realtyzgroup.com\/#\/schema\/logo\/image\/","url":"https:\/\/realtyzgroup.com\/wp-content\/uploads\/2024\/04\/Manual-de-marca-RZG-3-1.png","contentUrl":"https:\/\/realtyzgroup.com\/wp-content\/uploads\/2024\/04\/Manual-de-marca-RZG-3-1.png","width":2000,"height":1414,"caption":"Realty Z Group | L\u00edderes en el mercado inmobiliario de Panam\u00e1"},"image":{"@id":"https:\/\/realtyzgroup.com\/#\/schema\/logo\/image\/"},"sameAs":["https:\/\/www.facebook.com\/realtyzgroupty","https:\/\/www.instagram.com\/realtyzgroup.ok","https:\/\/www.linkedin.com\/company\/realtyzgroupok\/"]}]}},"_links":{"self":[{"href":"https:\/\/realtyzgroup.com\/en\/wp-json\/wp\/v2\/pages\/52"}],"collection":[{"href":"https:\/\/realtyzgroup.com\/en\/wp-json\/wp\/v2\/pages"}],"about":[{"href":"https:\/\/realtyzgroup.com\/en\/wp-json\/wp\/v2\/types\/page"}],"author":[{"embeddable":true,"href":"https:\/\/realtyzgroup.com\/en\/wp-json\/wp\/v2\/users\/2"}],"replies":[{"embeddable":true,"href":"https:\/\/realtyzgroup.com\/en\/wp-json\/wp\/v2\/comments?post=52"}],"version-history":[{"count":104,"href":"https:\/\/realtyzgroup.com\/en\/wp-json\/wp\/v2\/pages\/52\/revisions"}],"predecessor-version":[{"id":15802,"href":"https:\/\/realtyzgroup.com\/en\/wp-json\/wp\/v2\/pages\/52\/revisions\/15802"}],"up":[{"embeddable":true,"href":"https:\/\/realtyzgroup.com\/en\/wp-json\/wp\/v2\/pages\/32"}],"wp:attachment":[{"href":"https:\/\/realtyzgroup.com\/en\/wp-json\/wp\/v2\/media?parent=52"}],"curies":[{"name":"wp","href":"https:\/\/api.w.org\/{rel}","templated":true}]}}